


















{"id":9816,"date":"2018-10-22T13:45:00","date_gmt":"2018-10-22T16:45:00","guid":{"rendered":"http:\/\/valoriza.com\/?page_id=9816"},"modified":"2026-02-09T11:07:17","modified_gmt":"2026-02-09T14:07:17","slug":"planificacion-estrategica","status":"publish","type":"page","link":"https:\/\/valoriza.com\/en\/servicios\/consultoria-estrategica-y-financiera\/planificacion-estrategica\/","title":{"rendered":"Strategic Planning"},"content":{"rendered":"<div class=\"wpb-content-wrapper\"><div data-vc-full-width=\"true\" data-vc-full-width-init=\"false\" class=\"vc_row wpb_row vc_row-fluid vc_custom_1756157068223 vc_row-has-fill vc_row-has-padding-top vc_row-has-padding-bottom\"><div class=\"kd-overlay\"  style=\"background-color:#00000070;\"><\/div><div class=\"wpb_column vc_column_container vc_col-sm-12\"><div class=\"vc_column-inner vc_custom_1513003956648\"><div class=\"wpb_wrapper\"><div class=\"vc_row wpb_row vc_inner vc_row-fluid\"><div class=\"wpb_column vc_column_container vc_col-sm-2\"><div class=\"vc_column-inner vc_custom_1513004658055\"><div class=\"wpb_wrapper\"><\/div><\/div><\/div><div class=\"wpb_column vc_column_container vc_col-sm-8\"><div class=\"vc_column-inner vc_custom_1513008591637\"><div class=\"wpb_wrapper\"><div class=\"kd-text-rotator kd-rotatorid-69ef91641f6dc text-center\"><div class=\"kd-text-rotator-container\"><h1 class=\"rotator-single kd-rotator-item-1 last\" style=\"transition: all 0.5s 0.5s; color: #ffffff; font-size: 42px;\">Strategic Planning<\/h1><\/div><\/div><\/div><\/div><\/div><div class=\"wpb_column vc_column_container vc_col-sm-2\"><div class=\"vc_column-inner\"><div class=\"wpb_wrapper\"><\/div><\/div><\/div><\/div><\/div><\/div><\/div><div class=\"kd-row-separator kd-row-separator-bottom separator-height-medium\"><svg xmlns=\"http:\/\/www.w3.org\/2000\/svg\" viewbox=\"0 0 100 10\" preserveaspectratio=\"none\" ><polygon points=\"100 0 100 10 0 10\"><\/polygon><\/svg><\/svg><\/div><div class=\"kd-row-separator-clear\"><\/div><\/div><div class=\"vc_row-full-width vc_clearfix\"><\/div><div data-vc-full-width=\"true\" data-vc-full-width-init=\"false\" class=\"vc_row wpb_row vc_row-fluid\"><div class=\"wpb_column vc_column_container vc_col-sm-12\"><div class=\"vc_column-inner\"><div class=\"wpb_wrapper\"><div class=\"vc_row wpb_row vc_inner vc_row-fluid vc_custom_1536243977243 vc_row-has-padding-top\"><div class=\"wpb_column vc_column_container vc_col-sm-2 vc_hidden-xs\"><div class=\"vc_column-inner\"><div class=\"wpb_wrapper\"><\/div><\/div><\/div><div class=\"wpb_column vc_column_container vc_col-sm-8 vc_col-has-fill\"><div class=\"vc_column-inner vc_custom_1753104098156\"><div class=\"wpb_wrapper\"><header class=\"kd-section-title col-lg-12 text-center  kd-animated fadeIn\" data-animation-delay=\"200\"><h2 class=\"separator_off\" >We design a strategic plan to help you grow exponentially.<\/h2><h6 class=\"subtitle\" style=\"font-size: 20px;\">At Valoriza we help you create a solid strategic plan is the compass that allows you to grow with discipline, allocate capital where it really generates value and anticipate disruptions.<\/h6><\/header><div class=\"vc_empty_space\"   style=\"height: 15px\"><span class=\"vc_empty_space_inner\"><\/span><\/div><a style=\"width: 40%;\" href=\"#contacto-footer\" class=\"tt_button tt_secondary_button btn_primary_color hover_solid_primary button-center button-scroll-to-section  kd-animated zoomIn btn-smooth-scroll\" data-animation-delay=\"200\"><span class=\"prim_text\">CONTACT US<\/span><\/a><\/div><\/div><\/div><div class=\"wpb_column vc_column_container vc_col-sm-2 vc_hidden-xs\"><div class=\"vc_column-inner\"><div class=\"wpb_wrapper\"><\/div><\/div><\/div><\/div><\/div><\/div><\/div><\/div><div class=\"vc_row-full-width vc_clearfix\"><\/div><div data-vc-full-width=\"true\" data-vc-full-width-init=\"false\" class=\"vc_row wpb_row vc_row-fluid\"><div class=\"wpb_column vc_column_container vc_col-sm-12\"><div class=\"vc_column-inner\"><div class=\"wpb_wrapper\"><div class=\"vc_row wpb_row vc_inner vc_row-fluid vc_custom_1754176402347 vc_row-has-padding-top\"><div class=\"wpb_column vc_column_container vc_col-sm-12 vc_hidden-xs\"><div class=\"vc_column-inner\"><div class=\"wpb_wrapper\"><header class=\"kd-section-title col-lg-12 text-center  kd-animated fadeIn\" data-animation-delay=\"200\"><h2 class=\"separator_off\" >How do we organize this strategic plan?<\/h2><\/header><\/div><\/div><\/div><\/div><\/div><\/div><\/div><\/div><div class=\"vc_row-full-width vc_clearfix\"><\/div><div data-vc-full-width=\"true\" data-vc-full-width-init=\"false\" data-vc-stretch-content=\"true\" class=\"vc_row wpb_row vc_row-fluid vc_custom_1754176507363 vc_row-has-padding-top vc_row-no-padding\"><div class=\"wpb_column vc_column_container vc_col-sm-6 vc_col-lg-6 vc_col-md-12\"><div class=\"vc_column-inner\"><div class=\"wpb_wrapper\"><div class=\"vc_row wpb_row vc_inner vc_row-fluid vc_custom_1754174464084 vc_row-has-padding-top\"><div class=\"wpb_column vc_column_container vc_col-sm-2 vc_hidden-xs\"><div class=\"vc_column-inner\"><div class=\"wpb_wrapper\"><\/div><\/div><\/div><div class=\"wpb_column vc_column_container vc_col-sm-8\"><div class=\"vc_column-inner vc_custom_1754173392462\"><div class=\"wpb_wrapper\"><header class=\"kd-section-title col-lg-12 text-left  kd-animated fadeIn\" data-animation-delay=\"200\"><h2 class=\"separator_off\" >Diagnosis and definition of north<\/h2><p class=\"subtitle\" >Clarifying where to go and how much value each choice captures<\/p><\/header><div class=\"vc_empty_space\"   style=\"height: 20px\"><span class=\"vc_empty_space_inner\"><\/span><\/div><div  class=\"vc_do_toggle vc_toggle vc_toggle_default vc_toggle_color_default  vc_toggle_size_md    wpb_animate_when_almost_visible wpb_fadeIn fadeIn\"><div class=\"vc_toggle_title\"><h4>360\u00b0 scanning of market, competition and \"white spaces\".<\/h4><i class=\"vc_toggle_icon\"><\/i><\/div><div class=\"vc_toggle_content\"><p>Benchmarking and scenario analysis to detect value-creation areas.<\/p>\n<\/div><\/div><div  class=\"vc_do_toggle vc_toggle vc_toggle_default vc_toggle_color_default  vc_toggle_size_md    wpb_animate_when_almost_visible wpb_fadeIn fadeIn\"><div class=\"vc_toggle_title\"><h4>Preliminary assessment of the business and its levers<\/h4><i class=\"vc_toggle_icon\"><\/i><\/div><div class=\"vc_toggle_content\"><p>We model how each strategy moves EBITDA, ROIC and market multiples.<\/p>\n<\/div><\/div><div  class=\"vc_do_toggle vc_toggle vc_toggle_default vc_toggle_color_default  vc_toggle_size_md    wpb_animate_when_almost_visible wpb_fadeIn fadeIn\"><div class=\"vc_toggle_title\"><h4>Quantified ambition and North-Star KPIs<\/h4><i class=\"vc_toggle_icon\"><\/i><\/div><div class=\"vc_toggle_content\"><p>We set economic value-added targets and return thresholds required by shareholders.<\/p>\n<\/div><\/div><div  class=\"vc_do_toggle vc_toggle vc_toggle_default vc_toggle_color_default  vc_toggle_size_md    wpb_animate_when_almost_visible wpb_fadeIn fadeIn\"><div class=\"vc_toggle_title\"><h4>Filtering initiatives by impact \/ feasibility<\/h4><i class=\"vc_toggle_icon\"><\/i><\/div><div class=\"vc_toggle_content\"><p>We present a matrix that concentrates up to 70 % of the budget in the three bets with the best IRR.<\/p>\n<\/div><\/div><div  class=\"vc_do_toggle vc_toggle vc_toggle_default vc_toggle_color_default  vc_toggle_size_md    wpb_animate_when_almost_visible wpb_fadeIn fadeIn\"><div class=\"vc_toggle_title\"><h4>Strategic governance<\/h4><i class=\"vc_toggle_icon\"><\/i><\/div><div class=\"vc_toggle_content\"><p>We manage roles, incentives and decision rituals that link board, front line and agile squads.<\/p>\n<\/div><\/div><\/div><\/div><\/div><div class=\"wpb_column vc_column_container vc_col-sm-2 vc_hidden-sm vc_hidden-xs\"><div class=\"vc_column-inner\"><div class=\"wpb_wrapper\"><\/div><\/div><\/div><\/div><\/div><\/div><\/div><div class=\"wpb_column vc_column_container vc_col-sm-6 vc_col-lg-6 vc_col-md-12\"><div class=\"vc_column-inner vc_custom_1541520744863\"><div class=\"wpb_wrapper\"><div class=\"vc_row wpb_row vc_inner vc_row-fluid vc_custom_1754932079713 vc_row-has-fill vc_row-has-padding-top vc_row-has-padding-bottom\"><div class=\"wpb_column vc_column_container vc_col-sm-12\"><div class=\"vc_column-inner vc_custom_1511789291663\"><div class=\"wpb_wrapper\"><div class=\"vc_empty_space\"   style=\"height: 250px\"><span class=\"vc_empty_space_inner\"><\/span><\/div><\/div><\/div><\/div><\/div><\/div><\/div><\/div><\/div><div class=\"vc_row-full-width vc_clearfix\"><\/div><div data-vc-full-width=\"true\" data-vc-full-width-init=\"false\" data-vc-stretch-content=\"true\" class=\"vc_row wpb_row vc_row-fluid vc_custom_1754174502241 vc_row-has-padding-top vc_row-no-padding\"><div class=\"wpb_column vc_column_container vc_col-sm-6 vc_col-lg-6 vc_col-md-12\"><div class=\"vc_column-inner\"><div class=\"wpb_wrapper\"><div class=\"vc_row wpb_row vc_inner vc_row-fluid vc_custom_1754932113028 vc_row-has-fill vc_row-has-padding-top vc_row-has-padding-bottom\"><div class=\"wpb_column vc_column_container vc_col-sm-12\"><div class=\"vc_column-inner vc_custom_1511789291663\"><div class=\"wpb_wrapper\"><div class=\"vc_empty_space\"   style=\"height: 250px\"><span class=\"vc_empty_space_inner\"><\/span><\/div><\/div><\/div><\/div><\/div><\/div><\/div><\/div><div class=\"wpb_column vc_column_container vc_col-sm-6 vc_col-lg-6 vc_col-md-12\"><div class=\"vc_column-inner vc_custom_1541520722345\"><div class=\"wpb_wrapper\"><div class=\"vc_row wpb_row vc_inner vc_row-fluid vc_custom_1754173197242 vc_row-has-padding-top\"><div class=\"wpb_column vc_column_container vc_col-sm-2 vc_hidden-xs\"><div class=\"vc_column-inner\"><div class=\"wpb_wrapper\"><\/div><\/div><\/div><div class=\"wpb_column vc_column_container vc_col-sm-8\"><div class=\"vc_column-inner vc_custom_1754173306051\"><div class=\"wpb_wrapper\"><header class=\"kd-section-title col-lg-12 text-left  kd-animated fadeIn\" data-animation-delay=\"200\"><h2 class=\"separator_off\" >Roadmap and execution<\/h2><p class=\"subtitle\" >We convert the strategy into funded and measurable projects.<\/p><\/header><div class=\"vc_empty_space\"   style=\"height: 20px\"><span class=\"vc_empty_space_inner\"><\/span><\/div><div  class=\"vc_do_toggle vc_toggle vc_toggle_default vc_toggle_color_default  vc_toggle_size_md    wpb_animate_when_almost_visible wpb_fadeIn fadeIn\"><div class=\"vc_toggle_title\"><h4>90-180 day wave master plan<\/h4><i class=\"vc_toggle_icon\"><\/i><\/div><div class=\"vc_toggle_content\"><p>We define milestones, responsible parties and a clear budget for each initiative.<\/p>\n<\/div><\/div><div  class=\"vc_do_toggle vc_toggle vc_toggle_default vc_toggle_color_default  vc_toggle_size_md    wpb_animate_when_almost_visible wpb_fadeIn fadeIn\"><div class=\"vc_toggle_title\"><h4>Cross-functional alignment<\/h4><i class=\"vc_toggle_icon\"><\/i><\/div><div class=\"vc_toggle_content\"><p>We help coordinate operations between areas.<\/p>\n<\/div><\/div><div  class=\"vc_do_toggle vc_toggle vc_toggle_default vc_toggle_color_default  vc_toggle_size_md    wpb_animate_when_almost_visible wpb_fadeIn fadeIn\"><div class=\"vc_toggle_title\"><h4>OKR system + control panel<\/h4><i class=\"vc_toggle_icon\"><\/i><\/div><div class=\"vc_toggle_content\"><p>We perform automated weekly monitoring in corporate BI, with real-time alerts.<\/p>\n<\/div><\/div><div  class=\"vc_do_toggle vc_toggle vc_toggle_default vc_toggle_color_default  vc_toggle_size_md    wpb_animate_when_almost_visible wpb_fadeIn fadeIn\"><div class=\"vc_toggle_title\"><h4>Financing and partnerships<\/h4><i class=\"vc_toggle_icon\"><\/i><\/div><div class=\"vc_toggle_content\"><p>We structure JV, debt or equity to accelerate capex without stressing the balance sheet.<\/p>\n<\/div><\/div><div  class=\"vc_do_toggle vc_toggle vc_toggle_default vc_toggle_color_default  vc_toggle_size_md    wpb_animate_when_almost_visible wpb_fadeIn fadeIn\"><div class=\"vc_toggle_title\"><h4>Transfer of capacities<\/h4><i class=\"vc_toggle_icon\"><\/i><\/div><div class=\"vc_toggle_content\"><p>We organize coaching for internal teams so that the know-how stays within the company.<\/p>\n<\/div><\/div><\/div><\/div><\/div><div class=\"wpb_column vc_column_container vc_col-sm-2 vc_hidden-sm vc_hidden-xs\"><div class=\"vc_column-inner\"><div class=\"wpb_wrapper\"><\/div><\/div><\/div><\/div><\/div><\/div><\/div><\/div><div class=\"vc_row-full-width vc_clearfix\"><\/div><div data-vc-full-width=\"true\" data-vc-full-width-init=\"false\" data-vc-stretch-content=\"true\" class=\"vc_row wpb_row vc_row-fluid vc_custom_1754174496357 vc_row-has-padding-top vc_row-no-padding\"><div class=\"wpb_column vc_column_container vc_col-sm-6 vc_col-lg-6 vc_col-md-12\"><div class=\"vc_column-inner\"><div class=\"wpb_wrapper\"><div class=\"vc_row wpb_row vc_inner vc_row-fluid vc_custom_1754173203499 vc_row-has-padding-top\"><div class=\"wpb_column vc_column_container vc_col-sm-2 vc_hidden-xs\"><div class=\"vc_column-inner\"><div class=\"wpb_wrapper\"><\/div><\/div><\/div><div class=\"wpb_column vc_column_container vc_col-sm-8\"><div class=\"vc_column-inner vc_custom_1754173313445\"><div class=\"wpb_wrapper\"><header class=\"kd-section-title col-lg-12 text-left  kd-animated fadeIn\" data-animation-delay=\"200\"><h2 class=\"separator_off\" >Monitoreo\u202fy\u202fajuste continuo<\/h2><p class=\"subtitle\" >We measure, learn and reallocate capital to support value<\/p><\/header><div class=\"vc_empty_space\"   style=\"height: 20px\"><span class=\"vc_empty_space_inner\"><\/span><\/div><div  class=\"vc_do_toggle vc_toggle vc_toggle_default vc_toggle_color_default  vc_toggle_size_md    wpb_animate_when_almost_visible wpb_fadeIn fadeIn\"><div class=\"vc_toggle_title\"><h4>Quarterly portfolio reviews<\/h4><i class=\"vc_toggle_icon\"><\/i><\/div><div class=\"vc_toggle_content\"><p>We review performance at different periods, in order to continuously evaluate the proposed milestones.<\/p>\n<\/div><\/div><div  class=\"vc_do_toggle vc_toggle vc_toggle_default vc_toggle_color_default  vc_toggle_size_md    wpb_animate_when_almost_visible wpb_fadeIn fadeIn\"><div class=\"vc_toggle_title\"><h4>Strategic health indicators<\/h4><i class=\"vc_toggle_icon\"><\/i><\/div><div class=\"vc_toggle_content\"><p>We combine financial (EBITDA, ROIC) and operational (NPS, churn) metrics to anticipate deviations.<\/p>\n<\/div><\/div><div  class=\"vc_do_toggle vc_toggle vc_toggle_default vc_toggle_color_default  vc_toggle_size_md    wpb_animate_when_almost_visible wpb_fadeIn fadeIn\"><div class=\"vc_toggle_title\"><h4>Live benchmarking<\/h4><i class=\"vc_toggle_icon\"><\/i><\/div><div class=\"vc_toggle_content\"><p>We perform regular benchmarking with peers to recalibrate goals and detect new trends.<\/p>\n<\/div><\/div><div  class=\"vc_do_toggle vc_toggle vc_toggle_default vc_toggle_color_default  vc_toggle_size_md    wpb_animate_when_almost_visible wpb_fadeIn fadeIn\"><div class=\"vc_toggle_title\"><h4>Risk-opportunity models<\/h4><i class=\"vc_toggle_icon\"><\/i><\/div><div class=\"vc_toggle_content\"><p>We run macro and regulatory simulations that trigger adjustments before the market demands them.<\/p>\n<\/div><\/div><div  class=\"vc_do_toggle vc_toggle vc_toggle_default vc_toggle_color_default  vc_toggle_size_md    wpb_animate_when_almost_visible wpb_fadeIn fadeIn\"><div class=\"vc_toggle_title\"><h4>Cultural feedback<\/h4><i class=\"vc_toggle_icon\"><\/i><\/div><div class=\"vc_toggle_content\"><p>We organize pulse surveys and workshops to ensure alignment and commitment at all levels.<\/p>\n<\/div><\/div><\/div><\/div><\/div><div class=\"wpb_column vc_column_container vc_col-sm-2 vc_hidden-sm vc_hidden-xs\"><div class=\"vc_column-inner\"><div class=\"wpb_wrapper\"><\/div><\/div><\/div><\/div><\/div><\/div><\/div><div class=\"wpb_column vc_column_container vc_col-sm-6 vc_col-lg-6 vc_col-md-12\"><div class=\"vc_column-inner vc_custom_1541520744863\"><div class=\"wpb_wrapper\"><div class=\"vc_row wpb_row vc_inner vc_row-fluid vc_custom_1754932150763 vc_row-has-fill vc_row-has-padding-top vc_row-has-padding-bottom\"><div class=\"wpb_column vc_column_container vc_col-sm-12\"><div class=\"vc_column-inner vc_custom_1511789291663\"><div class=\"wpb_wrapper\"><div class=\"vc_empty_space\"   style=\"height: 250px\"><span class=\"vc_empty_space_inner\"><\/span><\/div><\/div><\/div><\/div><\/div><\/div><\/div><\/div><\/div><div class=\"vc_row-full-width vc_clearfix\"><\/div><div data-vc-full-width=\"true\" data-vc-full-width-init=\"false\" class=\"vc_row wpb_row vc_row-fluid vc_custom_1539594596470 vc_row-has-padding-top vc_row-has-padding-bottom\"><div class=\"wpb_column vc_column_container vc_col-sm-12 vc_col-lg-5 vc_col-md-5\"><div class=\"vc_column-inner vc_custom_1541520247262\"><div class=\"wpb_wrapper\"><div class=\"vc_row wpb_row vc_inner vc_row-fluid\"><div class=\"wpb_column vc_column_container vc_col-sm-12\"><div class=\"vc_column-inner vc_custom_1541520230301\"><div class=\"wpb_wrapper\"><header class=\"kd-section-title col-lg-12 text-left  kd-animated fadeIn\" data-animation-delay=\"200\"><h2 class=\"separator_off\" >Why Valoriza?<\/h2><h6 class=\"subtitle\" >Tenemos un impacto medible. Nuestros clientes promedian\u202f+2\u202fp.p. de margen\u202fEBIT y\u202f+25\u202f%\u202fCAGR a 18\u202fmeses, sin aumentar la estructura fija.<\/h6><\/header><\/div><\/div><\/div><\/div><\/div><\/div><\/div><div class=\"wpb_column vc_column_container vc_col-sm-12 vc_col-lg-7 vc_col-md-7\"><div class=\"vc_column-inner\"><div class=\"wpb_wrapper\"><div class=\"vc_row wpb_row vc_inner vc_row-fluid\"><div class=\"wpb_column vc_column_container vc_col-sm-6\"><div class=\"vc_column-inner vc_custom_1539594103027\"><div class=\"wpb_wrapper\"><div class=\"key-icon-box icon-default icon-top cont-left ib-hover-1  kd-animated fadeInUp\" style=\"background-color: transparent;\" data-animation-delay=\"200\"><div class=\"ib-wrapper\"><i class=\"iconsmind-Conference iconsmind-People\" style=\" \"><\/i> <h5 class=\"service-heading\" >Workshops conducted<\/h5><p >We design 1-2 day sprints where your team (business experts) and our consultants (methodology experts) define together the north, the value levers and the action plan.<\/p><\/div><\/div><\/div><\/div><\/div><div class=\"wpb_column vc_column_container vc_col-sm-6\"><div class=\"vc_column-inner vc_custom_1539594114659\"><div class=\"wpb_wrapper\"><div class=\"key-icon-box icon-default icon-top cont-left ib-hover-1  kd-animated fadeInUp\" style=\"background-color: transparent;\" data-animation-delay=\"400\"><div class=\"ib-wrapper\"><i class=\"iconsmind-Folder-Archive iconsmind-Folders-Class\" style=\" \"><\/i> <h5 class=\"service-heading\" >Structured tools<\/h5><p >We provide templates, financial models and prioritization matrices that streamline decision making and give traceability to each initiative.<\/p><\/div><\/div><\/div><\/div><\/div><\/div><div class=\"vc_row wpb_row vc_inner vc_row-fluid\"><div class=\"wpb_column vc_column_container vc_col-sm-6\"><div class=\"vc_column-inner vc_custom_1539594107387\"><div class=\"wpb_wrapper\"><div class=\"key-icon-box icon-default icon-top cont-left ib-hover-1  kd-animated fadeInUp\" style=\"background-color: transparent;\" data-animation-delay=\"200\"><div class=\"ib-wrapper\"><i class=\"iconsmind-File-Chart iconsmind-Files-Class\" style=\" \"><\/i> <h5 class=\"service-heading\" >Proven experience<\/h5><p >More than 120 strategic plans in 12 countries. 90 % co-created initiatives reach or exceed their value target in the first year.<\/p><\/div><\/div><\/div><\/div><\/div><div class=\"wpb_column vc_column_container vc_col-sm-6\"><div class=\"vc_column-inner vc_custom_1539594111002\"><div class=\"wpb_wrapper\"><div class=\"key-icon-box icon-default icon-top cont-left ib-hover-1  kd-animated fadeInUp\" style=\"background-color: transparent;\" data-animation-delay=\"400\"><div class=\"ib-wrapper\"><i class=\"iconsmind-Bar-Chart iconsmind-Business-Finance\" style=\" \"><\/i> <h5 class=\"service-heading\" >End-to-end support<\/h5><p >We stay during execution: OKRs, dashboards and continuous coaching to ensure value capture and internal learning.<\/p><\/div><\/div><\/div><\/div><\/div><\/div><\/div><\/div><\/div><\/div><div class=\"vc_row-full-width vc_clearfix\"><\/div><div id=\"contacto-footer\" data-vc-full-width=\"true\" data-vc-full-width-init=\"false\" class=\"vc_row wpb_row vc_row-fluid vc_custom_1756839188158 vc_row-has-fill\"><div class=\"wpb_column vc_column_container vc_col-sm-12\"><div class=\"vc_column-inner vc_custom_1516095762744\"><div class=\"wpb_wrapper\"><div class=\"vc_row wpb_row vc_inner vc_row-fluid vc_custom_1539094119836 vc_row-has-padding-top vc_row-has-padding-bottom\"><div class=\"wpb_column vc_column_container vc_col-sm-6\"><div class=\"vc_column-inner vc_custom_1516095752620\"><div class=\"wpb_wrapper\"><h3 style=\"text-align: left\" class=\"vc_custom_heading vc_do_custom_heading wpb_animate_when_almost_visible wpb_fadeIn fadeIn\" >Contact our team<\/h3><h6 style=\"text-align: left\" class=\"vc_custom_heading vc_do_custom_heading wpb_animate_when_almost_visible wpb_fadeIn fadeIn\" >Complete the form with your questions and\/or requirements. In a short time, a specialist from our team will help you solve them and accompany you in your process.<\/h6><h5 style=\"text-align: left\" class=\"vc_custom_heading vc_do_custom_heading wpb_animate_when_almost_visible wpb_fadeIn fadeIn vc_custom_1756839180102\" >Email: contacto@valoriza.com<br \/>\nPhone: +56982173705<br \/>\nOffice: +56233453417<\/h5><\/div><\/div><\/div><div class=\"wpb_column vc_column_container vc_col-sm-6\"><div class=\"vc_column-inner vc_custom_1515497653772\"><div class=\"wpb_wrapper\"><div class=\"kd-contact-form full-width-cf white-input-bg\" >\n<div class=\"wpcf7 no-js\" id=\"wpcf7-f7540-o1\" lang=\"es-CL\" dir=\"ltr\" data-wpcf7-id=\"7540\">\n<div class=\"screen-reader-response\"><p role=\"status\" aria-live=\"polite\" aria-atomic=\"true\"><\/p> <ul><\/ul><\/div>\n<form action=\"\/en\/wp-json\/wp\/v2\/pages\/9816#wpcf7-f7540-o1\" method=\"post\" class=\"wpcf7-form init\" aria-label=\"Formulario de contacto\" novalidate=\"novalidate\" data-status=\"init\" data-trp-original-action=\"\/en\/wp-json\/wp\/v2\/pages\/9816#wpcf7-f7540-o1\">\n<fieldset class=\"hidden-fields-container\"><input type=\"hidden\" name=\"_wpcf7\" value=\"7540\" \/><input type=\"hidden\" name=\"_wpcf7_version\" value=\"6.1.1\" \/><input type=\"hidden\" name=\"_wpcf7_locale\" value=\"es_CL\" \/><input type=\"hidden\" name=\"_wpcf7_unit_tag\" value=\"wpcf7-f7540-o1\" \/><input type=\"hidden\" name=\"_wpcf7_container_post\" value=\"0\" \/><input type=\"hidden\" name=\"_wpcf7_posted_data_hash\" value=\"\" \/><input type=\"hidden\" name=\"_wpcf7_recaptcha_response\" value=\"\" \/>\n<\/fieldset>\n<div class=\"span6\">\n\t<p><span class=\"wpcf7-form-control-wrap\" data-name=\"nombre-cliente\"><input size=\"40\" maxlength=\"400\" class=\"wpcf7-form-control wpcf7-text wpcf7-validates-as-required\" aria-required=\"true\" aria-invalid=\"false\" placeholder=\"Name\" value=\"\" type=\"text\" name=\"nombre-cliente\" \/><\/span>\n\t<\/p>\n<\/div>\n<div class=\"span6 right\">\n\t<p><span class=\"wpcf7-form-control-wrap\" data-name=\"email-cliente\"><input size=\"40\" maxlength=\"400\" class=\"wpcf7-form-control wpcf7-email wpcf7-validates-as-required wpcf7-text wpcf7-validates-as-email\" aria-required=\"true\" aria-invalid=\"false\" placeholder=\"Email\" value=\"\" type=\"email\" name=\"email-cliente\" \/><\/span>\n\t<\/p>\n<\/div>\n<div class=\"span6\">\n\t<p><span class=\"wpcf7-form-control-wrap\" data-name=\"numero-telefonico\"><input class=\"wpcf7-form-control wpcf7-number wpcf7-validates-as-required wpcf7-validates-as-number\" aria-required=\"true\" aria-invalid=\"false\" placeholder=\"Phone\" value=\"\" type=\"number\" name=\"numero-telefonico\" \/><\/span>\n\t<\/p>\n<\/div>\n<div class=\"span6 right\">\n\t<p><span class=\"wpcf7-form-control-wrap\" data-name=\"empresa-nombre\"><input size=\"40\" maxlength=\"400\" class=\"wpcf7-form-control wpcf7-text wpcf7-validates-as-required\" aria-required=\"true\" aria-invalid=\"false\" placeholder=\"Company Name\" value=\"\" type=\"text\" name=\"empresa-nombre\" \/><\/span>\n\t<\/p>\n<\/div>\n<div class=\"span6\">\n\t<p><span class=\"wpcf7-form-control-wrap\" data-name=\"empresa-tamano\"><select class=\"wpcf7-form-control wpcf7-select wpcf7-validates-as-required\" aria-required=\"true\" aria-invalid=\"false\" name=\"empresa-tamano\"><option value=\"Tama\u00f1o Empresa\">Company Size<\/option><option value=\"Facturaci\u00f3n anual: Bajo USD 1 Mill\u00f3n\">Annual turnover: Under USD 1 Million<\/option><option value=\"Facturaci\u00f3n anual: Entre USD 1 y 2 Millones\">Annual turnover: Between USD 1 and 2 million.<\/option><option value=\"Facturaci\u00f3n anual: Entre USD 2 y 5 Millones\">Annual turnover: Between USD 2 and 5 million.<\/option><option value=\"Facturaci\u00f3n anual: Entre USD 5 y 20 Millones\">Annual turnover: Between USD 5 and 20 million.<\/option><option value=\"Facturaci\u00f3n anual: Entre USD 20 y 100 Millones\">Annual turnover: Between USD 20 and 100 million.<\/option><option value=\"Facturaci\u00f3n anual: Mayor a USD 100 Millones\">Annual turnover: More than USD 100 Million<\/option><\/select><\/span>\n\t<\/p>\n<\/div>\n<div class=\"span6\">\n\t<p><span class=\"wpcf7-form-control-wrap\" data-name=\"texto-cliente\"><textarea cols=\"40\" rows=\"10\" maxlength=\"2000\" class=\"wpcf7-form-control wpcf7-textarea\" aria-invalid=\"false\" placeholder=\"Message\" name=\"texto-cliente\"><\/textarea><\/span>\n\t<\/p>\n<\/div>\n<input class=\"wpcf7-form-control wpcf7-hidden\" value=\"\" type=\"hidden\" name=\"page_origin\" \/>\n<div class=\"boton-enviar\">\n\t<p><input class=\"wpcf7-form-control wpcf7-submit has-spinner\" type=\"submit\" value=\"Send to\" \/>\n\t<\/p>\n<\/div><div class=\"wpcf7-response-output\" aria-hidden=\"true\"><\/div>\n<input type=\"hidden\" name=\"trp-form-language\" value=\"en\"\/><\/form>\n<\/div>\n<\/div><\/div><\/div><\/div><\/div><\/div><\/div><\/div><\/div><div class=\"vc_row-full-width vc_clearfix\"><\/div>\n<\/div>","protected":false},"excerpt":{"rendered":"Planificaci\u00f3n Estrat\u00e9gicaDise\u00f1amos un plan estrat\u00e9gico[...]","protected":false},"author":5,"featured_media":0,"parent":8050,"menu_order":0,"comment_status":"closed","ping_status":"closed","template":"","meta":{"_joinchat":[],"footnotes":""},"class_list":["post-9816","page","type-page","status-publish","hentry"],"_links":{"self":[{"href":"https:\/\/valoriza.com\/en\/wp-json\/wp\/v2\/pages\/9816","targetHints":{"allow":["GET"]}}],"collection":[{"href":"https:\/\/valoriza.com\/en\/wp-json\/wp\/v2\/pages"}],"about":[{"href":"https:\/\/valoriza.com\/en\/wp-json\/wp\/v2\/types\/page"}],"author":[{"embeddable":true,"href":"https:\/\/valoriza.com\/en\/wp-json\/wp\/v2\/users\/5"}],"replies":[{"embeddable":true,"href":"https:\/\/valoriza.com\/en\/wp-json\/wp\/v2\/comments?post=9816"}],"version-history":[{"count":6,"href":"https:\/\/valoriza.com\/en\/wp-json\/wp\/v2\/pages\/9816\/revisions"}],"predecessor-version":[{"id":249790,"href":"https:\/\/valoriza.com\/en\/wp-json\/wp\/v2\/pages\/9816\/revisions\/249790"}],"up":[{"embeddable":true,"href":"https:\/\/valoriza.com\/en\/wp-json\/wp\/v2\/pages\/8050"}],"wp:attachment":[{"href":"https:\/\/valoriza.com\/en\/wp-json\/wp\/v2\/media?parent=9816"}],"curies":[{"name":"wp","href":"https:\/\/api.w.org\/{rel}","templated":true}]}}